{"id":118,"date":"2019-12-11T09:07:56","date_gmt":"2019-12-11T08:07:56","guid":{"rendered":"https:\/\/www.mirekiosk.ch\/?page_id=118"},"modified":"2020-06-25T14:04:55","modified_gmt":"2020-06-25T12:04:55","slug":"das-mire-projekt","status":"publish","type":"page","link":"https:\/\/www.mirekiosk.ch\/de\/das-mire-projekt\/","title":{"rendered":"Das Mire Projekt"},"content":{"rendered":"<div class=\"point-list\">\n<div class=\"point-item accent-color-bg\"><img decoding=\"async\" role=\"img\" src=\"https:\/\/www.mirekiosk.ch\/wp-content\/uploads\/\/2019\/12\/mire-logo-eaux-vives.svg\" \/>eine gewagte k\u00fcnstlerische Identit\u00e4t, im Herzen der Mobilit\u00e4t.<\/div>\n<div class=\"point-item accent-color-bg\"><img decoding=\"async\" role=\"img\" src=\"https:\/\/www.mirekiosk.ch\/wp-content\/uploads\/2019\/12\/mire-logo-chene-bourg.svg\" \/>13 Kunstwerke in 5 L\u00e9man Express Bahnh\u00f6fen.<\/div>\n<div class=\"point-item accent-color-bg\"><img decoding=\"async\" role=\"img\" src=\"https:\/\/www.mirekiosk.ch\/wp-content\/uploads\/2019\/12\/mire-logo-lancy-bachet.svg\" \/>spezielle Auftr\u00e4ge an schweizerische und internationale zeitgen\u00f6ssische K\u00fcnstlerInnen; die Verbreitung bestehender Werke der Genfer Kollektionen.<\/div>\n<div class=\"point-item accent-color-bg\"><img decoding=\"async\" role=\"img\" src=\"https:\/\/www.mirekiosk.ch\/wp-content\/uploads\/2019\/12\/mire-logo-lancy-pont-rouge.svg\" \/>Bildkunst im Bewegung, der Blick der K\u00fcnstlerInnen auf die heutige Welt.<\/div>\n<\/div>\n<h1>Mire im Wesentlichen:<\/h1>\n<p>Seit 2017 arbeitet in Genf der Kantonale Fonds f\u00fcr zeitgen\u00f6ssische Kunst, gebunden am Kantonalen Amt f\u00fcr Kultur und Sport (Abteilung sozialer Zusammenhalt) gemeinsam mit dem St\u00e4dtebauamt (Abteilung Territorium) und dem Centre d&#8217;art contemporain Gen\u00e8ve an einer k\u00fcnstlerischen Untermalung der im Bau befindlichen L\u00e9man Express Bahnh\u00f6fe. Der Kantonale Fonds f\u00fcr zeitgen\u00f6ssische Kunst m\u00f6chte die audiovisuellen Werke der K\u00fcnstlerInnen von heute zur Schau stellen. Das Projekt <em>Mire<\/em>* wird zur Taufe erhoben.<\/p>\n<p>Mire setzt sich die folgenden Ziele:<\/p>\n<ul>\n<li>Die urbane Gestaltung mit k\u00fcnstlerischen Interventionen umrahmen.<\/li>\n<li>Kunstwerke in Bahnh\u00f6fen im Sinne einer sanften Mobilit\u00e4t installieren.<\/li>\n<li>Dem breiten Publikum die zeitgen\u00f6ssische Kunst nahebringen.<\/li>\n<li>Dem Reise- und Pendelverkehr einen bereichernden und angenehmen Mehrwert bieten.<\/li>\n<li>Die Planung, auf regelm\u00e4\u00dfiger Basis neue Kunstwerke etablierter und neuer K\u00fcnstlerInnen auszustellen.<\/li>\n<li>Die Hervorhebung der Kunstwerke des Genfer Kulturguts, die Teil der zeitgen\u00f6ssischen Kunstfonds des Kantons und der Stadt Genf sind.<\/li>\n<\/ul>\n<p>* <em>Mire<\/em> hat im Franz\u00f6sischen mehrere Bedeutungen: Ziel, Zweck, Anziehungspunkt, Mittel zur Abzielung oder Bemessung von Entfernungen, Kontrollprozess optischer Instrumente oder Steuerung der Qualit\u00e4t der Bild\u00fcbertragung&#8230; All diese Bedeutungen f\u00fchren auf die T\u00e4tigkeit des Sehens und der Beobachtung zur\u00fcck. <\/p>\n<div style=\"margin-top: 20px;\"><img loading=\"lazy\" decoding=\"async\" class=\"alignleft wp-image-515\" src=\"https:\/\/www.mirekiosk.ch\/wp-content\/uploads\/2020\/06\/LOGORCGE_noir300dpi_FRU-300x225.jpg\" alt=\"\" width=\"140\" height=\"105\" srcset=\"https:\/\/www.mirekiosk.ch\/wp-content\/uploads\/2020\/06\/LOGORCGE_noir300dpi_FRU-300x225.jpg 300w, https:\/\/www.mirekiosk.ch\/wp-content\/uploads\/2020\/06\/LOGORCGE_noir300dpi_FRU.jpg 472w\" sizes=\"auto, (max-width: 140px) 100vw, 140px\" \/><\/div>\n","protected":false},"excerpt":{"rendered":"<p>eine gewagte k\u00fcnstlerische Identit\u00e4t, im Herzen der Mobilit\u00e4t. 13 Kunstwerke in 5 L\u00e9man Express Bahnh\u00f6fen. spezielle Auftr\u00e4ge an schweizerische und internationale zeitgen\u00f6ssische K\u00fcnstlerInnen; die Verbreitung bestehender Werke der Genfer Kollektionen. Bildkunst im Bewegung, der Blick der K\u00fcnstlerInnen auf die heutige Welt. Mire im Wesentlichen: Seit 2017 arbeitet in Genf der Kantonale Fonds f\u00fcr zeitgen\u00f6ssische Kunst, [&hellip;]<\/p>\n","protected":false},"author":1,"featured_media":0,"parent":0,"menu_order":3,"comment_status":"closed","ping_status":"closed","template":"","meta":{"_acf_changed":false,"footnotes":""},"class_list":["post-118","page","type-page","status-publish","hentry"],"acf":[],"_links":{"self":[{"href":"https:\/\/www.mirekiosk.ch\/de\/wp-json\/wp\/v2\/pages\/118","targetHints":{"allow":["GET"]}}],"collection":[{"href":"https:\/\/www.mirekiosk.ch\/de\/wp-json\/wp\/v2\/pages"}],"about":[{"href":"https:\/\/www.mirekiosk.ch\/de\/wp-json\/wp\/v2\/types\/page"}],"author":[{"embeddable":true,"href":"https:\/\/www.mirekiosk.ch\/de\/wp-json\/wp\/v2\/users\/1"}],"replies":[{"embeddable":true,"href":"https:\/\/www.mirekiosk.ch\/de\/wp-json\/wp\/v2\/comments?post=118"}],"version-history":[{"count":2,"href":"https:\/\/www.mirekiosk.ch\/de\/wp-json\/wp\/v2\/pages\/118\/revisions"}],"predecessor-version":[{"id":527,"href":"https:\/\/www.mirekiosk.ch\/de\/wp-json\/wp\/v2\/pages\/118\/revisions\/527"}],"wp:attachment":[{"href":"https:\/\/www.mirekiosk.ch\/de\/wp-json\/wp\/v2\/media?parent=118"}],"curies":[{"name":"wp","href":"https:\/\/api.w.org\/{rel}","templated":true}]}}