{"id":124,"date":"2019-12-11T09:48:33","date_gmt":"2019-12-11T08:48:33","guid":{"rendered":"https:\/\/www.mirekiosk.ch\/?page_id=124"},"modified":"2026-02-16T14:34:56","modified_gmt":"2026-02-16T13:34:56","slug":"kantonaler-fonds-fuer-zeitgenoessische-kunst","status":"publish","type":"page","link":"https:\/\/www.mirekiosk.ch\/de\/kantonaler-fonds-fuer-zeitgenoessische-kunst\/","title":{"rendered":"Kantonaler Fonds f\u00fcr zeitgen\u00f6ssische Kunst"},"content":{"rendered":"<h1>Kantonaler Fonds f\u00fcr zeitgen\u00f6ssische Kunst<\/h1>\n<p>Der Kantonale Fonds f\u00fcr zeitgen\u00f6ssische Kunst ist an die Abteilung f\u00fcr sozialen Zusammenhalt gebunden. Er ist <strong>Akteur und Zeuge der Vitalit\u00e4t der Genfer Kunstszene<\/strong>. Seine Aufgabe ist f\u00fcr das Kulturgut von gro\u00dfer Bedeutung: Er erstellt und leitet die zeitgen\u00f6ssische <strong>Kunstkollektion<\/strong> des Kantons Genf und das <strong>\u00f6ffentliche Beschaffungswesen<\/strong>, so dass die Kunstwerke in die urbanen Einrichtungen und Geb\u00e4ude der kantonalen Verwaltung integriert werden. Er ist ebenfalls im Rahmen der <strong>F\u00f6rderung der Kunstschaffung<\/strong> t\u00e4tig, indem er neuen K\u00fcnstlerInnen Stipendien vergibt oder Kunstr\u00e4ume auszeichnet.<\/p>\n<p>Im \u00f6ffentlichen Beschaffungswesens vereinigt sich der Kantonale Fonds f\u00fcr zeitgen\u00f6ssische Kunst regelm\u00e4ssig mit anderen Kommunen. Einst wurden Kunstwerke haupts\u00e4chlich im Rahmen der Anordnung von Geb\u00e4uden zugeordnet. Heutzutage finden sich k\u00fcnstlerische Eingriffe vermehrt im urbanen Raum.<\/p>\n<p>Der Kantonale Fonds f\u00fcr zeitgen\u00f6ssische Kunst ist der Initiator des Projekts Mire. Dieses Projekt wurde gemeinsam mit dem St\u00e4dtebauamt (Abteilung Territorium) und dem Zentrum f\u00fcr zeitgen\u00f6ssische Kunst Genf entwickelt. Mire ist aktuell sein ambitioniertestes Kunstprogramm im \u00f6ffentlichen Raum.<\/p>\n<p>Weitere Informationen: www.fcac.ch<\/p>\n<div style=\"margin-top: 20px; margin-bottom: 50px; display: flex; justify-content: space-between; align-items: center;\"><img decoding=\"async\" style=\"margin-left: 16px; width: 200px;\" src=\"https:\/\/www.mirekiosk.ch\/wp-content\/uploads\/2020\/06\/LOGORCGE_noir300dpi_FRU-300x225.jpg\" \/><br \/>\n<img decoding=\"async\" style=\"margin-right: 16px; width: 200px;\" src=\"https:\/\/www.mirekiosk.ch\/wp-content\/uploads\/2020\/06\/FCAC_LogoCompact-300x103.png\" \/><\/div>\n","protected":false},"excerpt":{"rendered":"<p>Kantonaler Fonds f\u00fcr zeitgen\u00f6ssische Kunst Der Kantonale Fonds f\u00fcr zeitgen\u00f6ssische Kunst ist an die Abteilung f\u00fcr sozialen Zusammenhalt gebunden. Er ist Akteur und Zeuge der Vitalit\u00e4t der Genfer Kunstszene. Seine Aufgabe ist f\u00fcr das Kulturgut von gro\u00dfer Bedeutung: Er erstellt und leitet die zeitgen\u00f6ssische Kunstkollektion des Kantons Genf und das \u00f6ffentliche Beschaffungswesen, so dass die [&hellip;]<\/p>\n","protected":false},"author":1,"featured_media":0,"parent":0,"menu_order":4,"comment_status":"closed","ping_status":"closed","template":"","meta":{"_acf_changed":false,"footnotes":""},"class_list":["post-124","page","type-page","status-publish","hentry"],"acf":[],"_links":{"self":[{"href":"https:\/\/www.mirekiosk.ch\/de\/wp-json\/wp\/v2\/pages\/124","targetHints":{"allow":["GET"]}}],"collection":[{"href":"https:\/\/www.mirekiosk.ch\/de\/wp-json\/wp\/v2\/pages"}],"about":[{"href":"https:\/\/www.mirekiosk.ch\/de\/wp-json\/wp\/v2\/types\/page"}],"author":[{"embeddable":true,"href":"https:\/\/www.mirekiosk.ch\/de\/wp-json\/wp\/v2\/users\/1"}],"replies":[{"embeddable":true,"href":"https:\/\/www.mirekiosk.ch\/de\/wp-json\/wp\/v2\/comments?post=124"}],"version-history":[{"count":5,"href":"https:\/\/www.mirekiosk.ch\/de\/wp-json\/wp\/v2\/pages\/124\/revisions"}],"predecessor-version":[{"id":2995,"href":"https:\/\/www.mirekiosk.ch\/de\/wp-json\/wp\/v2\/pages\/124\/revisions\/2995"}],"wp:attachment":[{"href":"https:\/\/www.mirekiosk.ch\/de\/wp-json\/wp\/v2\/media?parent=124"}],"curies":[{"name":"wp","href":"https:\/\/api.w.org\/{rel}","templated":true}]}}