{"id":225,"date":"2020-01-08T09:51:51","date_gmt":"2020-01-08T08:51:51","guid":{"rendered":"https:\/\/www.mirekiosk.ch\/?page_id=225"},"modified":"2024-01-18T15:18:58","modified_gmt":"2024-01-18T14:18:58","slug":"partner","status":"publish","type":"page","link":"https:\/\/www.mirekiosk.ch\/de\/partner\/","title":{"rendered":"Partner"},"content":{"rendered":"<h3>Programmationspartner:<\/h3>\n<h1>Centre d&#8217;art contemporain Gen\u00e8ve<\/h1>\n<h1>und<\/h1>\n<h1>Fonds d&#8217;art contemporain de la Ville de Gen\u00e8ve<\/h1>\n<p>&nbsp;<\/p>\n<p>Seit seiner Gr\u00fcndung im Jahr 1974 ist das Centre d&#8217;art contemporian Gen\u00e8ve (Zentrum f\u00fcr zeitgen\u00f6ssische Kunst Genf) ein Ort f\u00fcr Ausstellungen, Diskussionen der zum Sinnieren \u00fcber zeitgen\u00f6ssische Kunst einl\u00e4dt. Als Wegbereiter und Bezugspunkt der Schweizer Kunstszene ist das Zentrum f\u00fcr zeitgen\u00f6ssische Kunst Genf Protagonist der wichtigsten Fragestellungen unserer Epoche.<\/p>\n<p>Als Raum f\u00fcr Recherche und Erprobung produziert und verbreitet das Centre f\u00fcr ein breites Publikum ehrgeizige Projekte, die alle Bereiche der zeitgen\u00f6ssischen Praxis umfassen: Installation, Musik, Malerei, Performance, Fotografie, Bildhauerei, Tanz, Zeichnung oder Videokunst; mit einem einzigartigem Programm bestehend aus Begegnungen und Ausstrahlungen im hauseigenen Kino, dem Cinema Dynamo, und der Biennale de l\u2019Image en Mouvement als H\u00f6hepunkt seiner Aktivit\u00e4t. Die dynamische und aktive Programmgestaltung des Centre, die sich in Form von Wechselausstellungen sowie inklusiven und p\u00e4dagogischen kulturellen Aktivit\u00e4ten mit innovativen Formaten auszeichnet, f\u00f6rdert die Kunstschaffung sowie die aktive B\u00fcrgerbeteiligung im Rahmen der zeitgen\u00f6ssischen Kultur.<\/p>\n<p>In den 45 Jahren seit seiner Gr\u00fcndung hat das Centre \u00fcber 300 Ausstellungen nationaler und internationaler K\u00fcnstlerInnen pr\u00e4sentiert, zur Entdeckung neuer Talente bzw. zur Neuentdeckung etablierter Figuren beigetragen, \u201eArtists in Residence\u201c empfangen sowie zahlreiche sozial-k\u00fcnstlerische und Bildungsaktivit\u00e4ten organisiert.<\/p>\n<p><img loading=\"lazy\" decoding=\"async\" style=\"margin-top: 18px; margin-bottom: 18px;\" role=\"img\" src=\"https:\/\/www.mirekiosk.ch\/wp-content\/uploads\/\/2019\/12\/Mire_logo_centre_dart_contemporain_Geneve.svg\" alt=\"\" width=\"150\" height=\"150\" \/><\/p>\n<p>F\u00fcr weitere Informationen: www.centre.ch<\/p>\n<p>&nbsp;<\/p>\n<h1>Fonds d&#8217;art contemporain de la Ville de Gen\u00e8ve (FMAC)<\/h1>\n<p>Der 1950 gegr\u00fcndete Fonds d&#8217;art contemporain de la Ville de Gen\u00e8ve (Fonds f\u00fcr zeitgen\u00f6ssische Kunst der Stadt Genf) verfolgt das zweifache Ziel, die Kunstpr\u00e4senz im \u00f6ffentlichen Raum anzuregen sowie die aktiven K\u00fcnstler in Genf zu unterst\u00fctzen und zu f\u00f6rdern. Dies geschieht mittels Subventionen, wie auch durch die Anschaffung von Kunstwerken, damit diese Teil einer \u00f6ffentlichen Sammlung werden. Seit seiner Gr\u00fcndung hat der Fonds beinahe 300 k\u00fcnstlerische Eingriffe in die Architektur und den Stadtraum erm\u00f6glicht, wobei die Vielseitigkeit der Ans\u00e4tze und Experimentierungen der zeitgen\u00f6ssischen Kunst hervorgehoben und mittels einer Generationen- und praktiken\u00fcbergreifenden Involvierung realisiert wurden. Die Kollektion mobiler Werke umfasst \u00fcber 4100 Objekte und zeigt nicht nur die Geschichte der k\u00fcnstlerischen Sch\u00f6pfung Genfs und den Dynamismus seiner Szene, sondern auch den Austausch mit der Schweizer und internationalen Szene. Sie enth\u00e4lt einen betr\u00e4chtlichen Anteil von Videokunst: den Fonds Andr\u00e9 Iten (das Verm\u00e4chtnis des Centre pour l\u2019Image contemporaine de Gen\u00e8ve, CIC), der die internationale Produktion eines Gro\u00dfteils der einflussreichen Kunstbewegungen seit den 1960er Jahren abdeckt.<\/p>\n<p>Seit 2022 co-produziert der FMAC zwei Werke j\u00e4hrlich f\u00fcr das Mire-Programm.<\/p>\n<p><img loading=\"lazy\" decoding=\"async\" style=\"margin-top: 18px; margin-bottom: 18px;\" src=\"https:\/\/www.mirekiosk.ch\/wp-content\/uploads\/\/2019\/12\/Mire_logo_fonds_dart_contemporain.svg\" alt=\"\" width=\"150\" height=\"150\" \/><\/p>\n<p>Die Sammlung des FMAC: www.ville-ge.ch\/fmac<br \/>\nF\u00fcr weitere Informationen: www.fmac-geneve.ch<\/p>\n","protected":false},"excerpt":{"rendered":"<p>Programmationspartner: Centre d&#8217;art contemporain Gen\u00e8ve und Fonds d&#8217;art contemporain de la Ville de Gen\u00e8ve &nbsp; Seit seiner Gr\u00fcndung im Jahr 1974 ist das Centre d&#8217;art contemporian Gen\u00e8ve (Zentrum f\u00fcr zeitgen\u00f6ssische Kunst Genf) ein Ort f\u00fcr Ausstellungen, Diskussionen der zum Sinnieren \u00fcber zeitgen\u00f6ssische Kunst einl\u00e4dt. Als Wegbereiter und Bezugspunkt der Schweizer Kunstszene ist das Zentrum f\u00fcr [&hellip;]<\/p>\n","protected":false},"author":1,"featured_media":0,"parent":0,"menu_order":5,"comment_status":"closed","ping_status":"closed","template":"template-splitted.php","meta":{"_acf_changed":false,"footnotes":""},"class_list":["post-225","page","type-page","status-publish","hentry"],"acf":[],"_links":{"self":[{"href":"https:\/\/www.mirekiosk.ch\/de\/wp-json\/wp\/v2\/pages\/225","targetHints":{"allow":["GET"]}}],"collection":[{"href":"https:\/\/www.mirekiosk.ch\/de\/wp-json\/wp\/v2\/pages"}],"about":[{"href":"https:\/\/www.mirekiosk.ch\/de\/wp-json\/wp\/v2\/types\/page"}],"author":[{"embeddable":true,"href":"https:\/\/www.mirekiosk.ch\/de\/wp-json\/wp\/v2\/users\/1"}],"replies":[{"embeddable":true,"href":"https:\/\/www.mirekiosk.ch\/de\/wp-json\/wp\/v2\/comments?post=225"}],"version-history":[{"count":5,"href":"https:\/\/www.mirekiosk.ch\/de\/wp-json\/wp\/v2\/pages\/225\/revisions"}],"predecessor-version":[{"id":2363,"href":"https:\/\/www.mirekiosk.ch\/de\/wp-json\/wp\/v2\/pages\/225\/revisions\/2363"}],"wp:attachment":[{"href":"https:\/\/www.mirekiosk.ch\/de\/wp-json\/wp\/v2\/media?parent=225"}],"curies":[{"name":"wp","href":"https:\/\/api.w.org\/{rel}","templated":true}]}}