{"id":100,"date":"2019-12-10T11:05:18","date_gmt":"2019-12-10T10:05:18","guid":{"rendered":"https:\/\/www.mirekiosk.ch\/?page_id=100"},"modified":"2024-01-18T15:23:40","modified_gmt":"2024-01-18T14:23:40","slug":"partenaires","status":"publish","type":"page","link":"https:\/\/www.mirekiosk.ch\/fr\/partenaires\/","title":{"rendered":"Partenaires"},"content":{"rendered":"<h3>Partenaires programmation:<\/h3>\n<h1>Le Centre d&rsquo;Art Contemporain Gen\u00e8ve<\/h1>\n<h1>et<\/h1>\n<h1>Le Fonds d&rsquo;art contemporain de la Ville de Gen\u00e8ve<\/h1>\n<p>&nbsp;<\/p>\n<p>Fond\u00e9 en 1974, le Centre d\u2019Art Contemporain Gen\u00e8ve est un lieu d&rsquo;exposition, de discussion et de r\u00e9flexion sur l&rsquo;art contemporain. Institution pionni\u00e8re et de r\u00e9f\u00e9rence sur la sc\u00e8ne artistique suisse et internationale, le Centre d\u2019Art Contemporain Gen\u00e8ve soul\u00e8ve les questions majeures de notre \u00e9poque.<\/p>\n<p>Espace de recherche et d\u2019exp\u00e9rimentation, le Centre produit et diffuse aupr\u00e8s de tous les publics des projets ambitieux qui engagent l&rsquo;ensemble des champs de la pratique contemporaine: installation, musique, peinture, performance, photographie, sculpture, danse, dessin ou encore art vid\u00e9o, avec un programme unique de rencontres et projections au sein de son Cinema Dynamo et avec la Biennale de l\u2019Image en Mouvement comme point d\u2019orgue. La programmation dynamique et vivante propos\u00e9e par le Centre, sous forme d\u2019expositions temporaires et d\u2019activit\u00e9s culturelles inclusives et p\u00e9dagogiques aux formats innovants, permet de promouvoir la cr\u00e9ation et favoriser une participation citoyenne active dans la culture contemporaine.<\/p>\n<p>Ainsi, en 45 ans d\u2019activit\u00e9, le Centre a pr\u00e9sent\u00e9 plus de 300 expositions d\u2019artistes nationaux et internationaux, particip\u00e9 \u00e0 la d\u00e9couverte de talents \u00e9mergents ou la red\u00e9couverte de figures \u00e9tablies, accueilli des artistes en r\u00e9sidence et organis\u00e9 de nombreuses activit\u00e9s \u00e9ducatives et socio-artistiques.<\/p>\n<p><img loading=\"lazy\" decoding=\"async\" style=\"margin-top: 18px; margin-bottom: 18px;\" role=\"img\" src=\"https:\/\/www.mirekiosk.ch\/wp-content\/uploads\/2019\/12\/Mire_logo_centre_dart_contemporain_Geneve.svg\" alt=\"\" width=\"150\" height=\"150\" \/><\/p>\n<p>Plus d&rsquo;informations: www.centre.ch<\/p>\n<p>&nbsp;<\/p>\n<p>&nbsp;<\/p>\n<h1><\/h1>\n<h1>Le Fonds d&rsquo;art contemporain de la Ville de Gen\u00e8ve (FMAC)<\/h1>\n<p>Cr\u00e9\u00e9 en 1950, le Fonds d\u2019art contemporain de la Ville de Gen\u00e8ve a pour double objectif de renforcer la pr\u00e9sence de l\u2019art dans l\u2019espace public ainsi que de soutenir et promouvoir les artistes actifs \u00e0 Gen\u00e8ve, par le biais de subventions ainsi que par l\u2019acquisition d\u2019\u0153uvres qui constituent alors une collection publique. Pr\u00e8s de 300 interventions artistiques int\u00e9gr\u00e9es \u00e0 l\u2019architecture et \u00e0 l\u2019espace urbain ont \u00e9t\u00e9 install\u00e9es depuis la cr\u00e9ation du Fonds, valorisant la diversit\u00e9 des approches et des exp\u00e9rimentations artistiques contemporaines, toutes g\u00e9n\u00e9rations et pratiques confondues. La collection d\u2019\u0153uvres mobiles r\u00e9unit plus de 4100 pi\u00e8ces et t\u00e9moigne non seulement de l\u2019histoire de la cr\u00e9ation artistique \u00e0 Gen\u00e8ve, du dynamisme de sa sc\u00e8ne, mais \u00e9galement de son interaction avec l\u2019art suisse et international. Elle inclut un volet significatif d\u2019art vid\u00e9o, le Fonds Andr\u00e9 Iten, h\u00e9ritage du Centre pour l\u2019Image contemporaine de Gen\u00e8ve (CIC), couvrant la production internationale de la plupart des mouvements artistiques influents depuis les ann\u00e9es 1960.<\/p>\n<p>Depuis 2022, elle cofinance deux commandes d&rsquo;oeuvres par an dans le cadre du programme Mire.<\/p>\n<p><img loading=\"lazy\" decoding=\"async\" role=\"img\" src=\"https:\/\/www.mirekiosk.ch\/wp-content\/uploads\/\/2019\/12\/Mire_logo_fonds_dart_contemporain.svg\" alt=\"\" width=\"150\" height=\"150\" \/><\/p>\n<p>La collection du FMAC : www.ville-ge.ch\/fmac<br \/>\nPlus d\u2019informations : www.fmac-geneve.ch<\/p>\n","protected":false},"excerpt":{"rendered":"<p>Partenaires programmation: Le Centre d&rsquo;Art Contemporain Gen\u00e8ve et Le Fonds d&rsquo;art contemporain de la Ville de Gen\u00e8ve &nbsp; Fond\u00e9 en 1974, le Centre d\u2019Art Contemporain Gen\u00e8ve est un lieu d&rsquo;exposition, de discussion et de r\u00e9flexion sur l&rsquo;art contemporain. Institution pionni\u00e8re et de r\u00e9f\u00e9rence sur la sc\u00e8ne artistique suisse et internationale, le Centre d\u2019Art Contemporain Gen\u00e8ve [&hellip;]<\/p>\n","protected":false},"author":1,"featured_media":0,"parent":0,"menu_order":5,"comment_status":"closed","ping_status":"closed","template":"template-splitted.php","meta":{"_acf_changed":false,"footnotes":""},"class_list":["post-100","page","type-page","status-publish","hentry"],"acf":[],"_links":{"self":[{"href":"https:\/\/www.mirekiosk.ch\/fr\/wp-json\/wp\/v2\/pages\/100","targetHints":{"allow":["GET"]}}],"collection":[{"href":"https:\/\/www.mirekiosk.ch\/fr\/wp-json\/wp\/v2\/pages"}],"about":[{"href":"https:\/\/www.mirekiosk.ch\/fr\/wp-json\/wp\/v2\/types\/page"}],"author":[{"embeddable":true,"href":"https:\/\/www.mirekiosk.ch\/fr\/wp-json\/wp\/v2\/users\/1"}],"replies":[{"embeddable":true,"href":"https:\/\/www.mirekiosk.ch\/fr\/wp-json\/wp\/v2\/comments?post=100"}],"version-history":[{"count":5,"href":"https:\/\/www.mirekiosk.ch\/fr\/wp-json\/wp\/v2\/pages\/100\/revisions"}],"predecessor-version":[{"id":2366,"href":"https:\/\/www.mirekiosk.ch\/fr\/wp-json\/wp\/v2\/pages\/100\/revisions\/2366"}],"wp:attachment":[{"href":"https:\/\/www.mirekiosk.ch\/fr\/wp-json\/wp\/v2\/media?parent=100"}],"curies":[{"name":"wp","href":"https:\/\/api.w.org\/{rel}","templated":true}]}}