{"id":70,"date":"2019-12-10T10:16:42","date_gmt":"2019-12-10T09:16:42","guid":{"rendered":"https:\/\/www.mirekiosk.ch\/?page_id=70"},"modified":"2020-07-07T15:06:30","modified_gmt":"2020-07-07T13:06:30","slug":"fonds-cantonal-dart-contemporain","status":"publish","type":"page","link":"https:\/\/www.mirekiosk.ch\/fr\/fonds-cantonal-dart-contemporain\/","title":{"rendered":"Fonds cantonal d\u2019art contemporain"},"content":{"rendered":"<h1>Pr\u00e9sentation du Fonds cantonal d\u2019art contemporain<\/h1>\n<p>Le Fonds cantonal d\u2019art contemporain est rattach\u00e9 \u00e0 l&rsquo;Office cantonal de la culture et du sport du d\u00e9partement de la coh\u00e9sion sociale. Il est un <strong>acteur et un t\u00e9moin de la vitalit\u00e9 de la sc\u00e8ne artistique genevoise<\/strong>. Une importante mission patrimoniale lui incombe. Il constitue et g\u00e8re la <strong>collection<\/strong> d&rsquo;art contemporain du canton et la <strong>commande publique<\/strong> permettant d\u2019int\u00e9grer des \u0153uvres aux am\u00e9nagements urbains et aux b\u00e2timents de l&rsquo;administration cantonale. Il intervient \u00e9galement comme outil de <strong>soutien \u00e0 la cr\u00e9ation<\/strong>, aidant des productions d\u2019\u0153uvres et attribuant des bourses aux artistes \u00e9mergent.e.s ou des prix aux espaces d\u2019art.<\/p>\n<p>Dans le domaine de la commande publique, le Fonds cantonal d&rsquo;art contemporain s&rsquo;associe r\u00e9guli\u00e8rement aux communes. Autrefois, les \u0153uvres s&rsquo;inscrivaient principalement dans l&rsquo;agencement de b\u00e2timents. Aujourd&rsquo;hui, les interventions artistiques prennent le plus souvent place dans l&rsquo;espace urbain.<\/p>\n<p>Le Fonds cantonal d&rsquo;art contemporain est l&rsquo;initiateur du projet Mire. Il l&rsquo;a d\u00e9velopp\u00e9 avec l&rsquo;Office de l&rsquo;urbanisme du d\u00e9partement du territoire et avec le Centre d&rsquo;art contemporain Gen\u00e8ve. Dans l&rsquo;espace public, Mire est \u00e0 ce jour son programme d&rsquo;art le plus ambitieux.<\/p>\n<p>Plus d&rsquo;informations: www.fcac.ch<\/p>\n<div style=\"margin-top: 20px; margin-bottom: 50px;  display: flex; justify-content: space-between; align-items: center;\">\n<img decoding=\"async\" style=\"margin-left:16px; width: 200px;\" src=\"https:\/\/www.mirekiosk.ch\/wp-content\/uploads\/2020\/06\/LOGORCGE_noir300dpi_FRU-300x225.jpg\" \/><br \/>\n<img decoding=\"async\" style=\"margin-right:16px; width: 200px;\" src=\"https:\/\/www.mirekiosk.ch\/wp-content\/uploads\/2020\/06\/FCAC_LogoCompact-300x103.png\" \/>\n<\/div>\n","protected":false},"excerpt":{"rendered":"<p>Pr\u00e9sentation du Fonds cantonal d\u2019art contemporain Le Fonds cantonal d\u2019art contemporain est rattach\u00e9 \u00e0 l&rsquo;Office cantonal de la culture et du sport du d\u00e9partement de la coh\u00e9sion sociale. Il est un acteur et un t\u00e9moin de la vitalit\u00e9 de la sc\u00e8ne artistique genevoise. Une importante mission patrimoniale lui incombe. Il constitue et g\u00e8re la collection [&hellip;]<\/p>\n","protected":false},"author":1,"featured_media":0,"parent":0,"menu_order":4,"comment_status":"closed","ping_status":"closed","template":"","meta":{"_acf_changed":false,"footnotes":""},"class_list":["post-70","page","type-page","status-publish","hentry"],"acf":[],"_links":{"self":[{"href":"https:\/\/www.mirekiosk.ch\/fr\/wp-json\/wp\/v2\/pages\/70","targetHints":{"allow":["GET"]}}],"collection":[{"href":"https:\/\/www.mirekiosk.ch\/fr\/wp-json\/wp\/v2\/pages"}],"about":[{"href":"https:\/\/www.mirekiosk.ch\/fr\/wp-json\/wp\/v2\/types\/page"}],"author":[{"embeddable":true,"href":"https:\/\/www.mirekiosk.ch\/fr\/wp-json\/wp\/v2\/users\/1"}],"replies":[{"embeddable":true,"href":"https:\/\/www.mirekiosk.ch\/fr\/wp-json\/wp\/v2\/comments?post=70"}],"version-history":[{"count":5,"href":"https:\/\/www.mirekiosk.ch\/fr\/wp-json\/wp\/v2\/pages\/70\/revisions"}],"predecessor-version":[{"id":575,"href":"https:\/\/www.mirekiosk.ch\/fr\/wp-json\/wp\/v2\/pages\/70\/revisions\/575"}],"wp:attachment":[{"href":"https:\/\/www.mirekiosk.ch\/fr\/wp-json\/wp\/v2\/media?parent=70"}],"curies":[{"name":"wp","href":"https:\/\/api.w.org\/{rel}","templated":true}]}}