{"id":126,"date":"2019-12-11T09:49:49","date_gmt":"2019-12-11T08:49:49","guid":{"rendered":"https:\/\/www.mirekiosk.ch\/?page_id=126"},"modified":"2026-02-16T14:35:15","modified_gmt":"2026-02-16T13:35:15","slug":"fondo-cantonale-darte-contemporanea","status":"publish","type":"page","link":"https:\/\/www.mirekiosk.ch\/it\/fondo-cantonale-darte-contemporanea\/","title":{"rendered":"Fondo cantonale d\u2019arte contemporanea"},"content":{"rendered":"<h1>Fondo cantonale d\u2019arte contemporanea<\/h1>\n<p>Il Fondo cantonale d\u2019arte contemporanea \u00e8 ancorato al dipartimento della coesione sociale. \u00c8 <strong>attore e testimone della vitalit\u00e0 della scena artistica ginevrina<\/strong>. Svolge un ruolo importante nella missione del patrimonio culturale. Costituisce e gestisce la <strong>collezione<\/strong> d&#8217;arte contemporanea del cantone e la <strong>commessa pubblica <\/strong>in modo tale da integrare le opere d\u2019arte alla pianificazione urbana e agli edifici dell\u2019amministrazione cantonale. Interviene inoltre come attore nel <strong>sostegno alla creazione<\/strong>, favorendo la produzione di opere e conferendo borse di studio agli artisti emergenti o premi agli spazi dedicati all\u2019arte.<\/p>\n<p>Nell\u2019ambito della commessa pubblica, il Fondo cantonale d\u2019arte contemporanea si associa regolarmente ad altri comuni. Un tempo l\u2019istallazione di opere avveniva principalmente nell\u2019ambito della costituzione degli edifici. Attualmente, invece, gli interventi artistici avvengono sempre pi\u00f9 spesso nello spazio urbano.<\/p>\n<p>Il Fondo cantonale d\u2019arte contemporanea \u00e8 il promotore del progetto Mire. Tale progetto \u00e8 stato sviluppato insieme all\u2019Ufficio per l\u2019urbanismo del dipartimento del territorio e il Centro d\u2019arte contemporanea di Ginevra. Mire \u00e8 ad oggi il suo programma d\u2019arte pi\u00f9 ambizioso mai realizzato nello spazio pubblico.<\/p>\n<p>Per maggiori informazioni: www.fcac.ch<\/p>\n<div style=\"margin-top: 20px; margin-bottom: 50px; display: flex; justify-content: space-between; align-items: center;\"><img decoding=\"async\" style=\"margin-left: 16px; width: 200px;\" src=\"https:\/\/www.mirekiosk.ch\/wp-content\/uploads\/2020\/06\/LOGORCGE_noir300dpi_FRU-300x225.jpg\" \/><br \/>\n<img decoding=\"async\" style=\"margin-right: 16px; width: 200px;\" src=\"https:\/\/www.mirekiosk.ch\/wp-content\/uploads\/2020\/06\/FCAC_LogoCompact-300x103.png\" \/><\/div>\n","protected":false},"excerpt":{"rendered":"<p>Fondo cantonale d\u2019arte contemporanea Il Fondo cantonale d\u2019arte contemporanea \u00e8 ancorato al dipartimento della coesione sociale. \u00c8 attore e testimone della vitalit\u00e0 della scena artistica ginevrina. Svolge un ruolo importante nella missione del patrimonio culturale. Costituisce e gestisce la collezione d&#8217;arte contemporanea del cantone e la commessa pubblica in modo tale da integrare le opere [&hellip;]<\/p>\n","protected":false},"author":1,"featured_media":0,"parent":0,"menu_order":4,"comment_status":"closed","ping_status":"closed","template":"","meta":{"_acf_changed":false,"footnotes":""},"class_list":["post-126","page","type-page","status-publish","hentry"],"acf":[],"_links":{"self":[{"href":"https:\/\/www.mirekiosk.ch\/it\/wp-json\/wp\/v2\/pages\/126","targetHints":{"allow":["GET"]}}],"collection":[{"href":"https:\/\/www.mirekiosk.ch\/it\/wp-json\/wp\/v2\/pages"}],"about":[{"href":"https:\/\/www.mirekiosk.ch\/it\/wp-json\/wp\/v2\/types\/page"}],"author":[{"embeddable":true,"href":"https:\/\/www.mirekiosk.ch\/it\/wp-json\/wp\/v2\/users\/1"}],"replies":[{"embeddable":true,"href":"https:\/\/www.mirekiosk.ch\/it\/wp-json\/wp\/v2\/comments?post=126"}],"version-history":[{"count":5,"href":"https:\/\/www.mirekiosk.ch\/it\/wp-json\/wp\/v2\/pages\/126\/revisions"}],"predecessor-version":[{"id":2996,"href":"https:\/\/www.mirekiosk.ch\/it\/wp-json\/wp\/v2\/pages\/126\/revisions\/2996"}],"wp:attachment":[{"href":"https:\/\/www.mirekiosk.ch\/it\/wp-json\/wp\/v2\/media?parent=126"}],"curies":[{"name":"wp","href":"https:\/\/api.w.org\/{rel}","templated":true}]}}