{"id":226,"date":"2020-01-08T09:51:57","date_gmt":"2020-01-08T08:51:57","guid":{"rendered":"https:\/\/www.mirekiosk.ch\/?page_id=226"},"modified":"2024-01-18T15:20:14","modified_gmt":"2024-01-18T14:20:14","slug":"partner","status":"publish","type":"page","link":"https:\/\/www.mirekiosk.ch\/it\/partner\/","title":{"rendered":"Partner"},"content":{"rendered":"<h3>Partner programmazione:<\/h3>\n<h1>Centre d&#8217;Art Contemporain Gen\u00e8ve<\/h1>\n<h1>e<\/h1>\n<h1>Fonds d&#8217;art contemporain de la Ville de Gen\u00e8ve<\/h1>\n<p>&nbsp;<\/p>\n<p>Fondato nel 1974, il Centre d&#8217;art contemporian Gen\u00e8ve (Centro d\u2019Arte Contemporanea Ginevra) \u00e8 un luogo di esposizione, discussione e riflessione dedicato all\u2019arte contemporanea. Nel suo ruolo di pioniere e punto di riferimento nella scena artistica svizzera e internazionale, il Centre affronta le questioni pi\u00f9 rilevanti della nostra epoca.<\/p>\n<p>In qualit\u00e0 di spazio di ricerca e di sperimentazione, il Centre produce e diffonde, per tutti i tipi di pubblico, progetti ambiziosi che coinvolgono tutti gli ambiti dell\u2019arte contemporanea: installazione, musica, pittura, performance, fotografia, scultura, danza, disegno, videoarte con un programma unico fatto di incontri e proiezioni presso il proprio Cinema Dynamo, e avendo come suo apice la Biennale de l\u2019Image en Mouvement. La proposta dinamica e operosa del Centro, che comprende esposizioni temporanee e attivit\u00e0 culturali inclusive e pedagogiche dai formati innovativi, permette di promuovere la creazione artistica e di favorire una partecipazione cittadina attiva nello spazio della cultura contemporanea.<\/p>\n<p>Ed \u00e8 cos\u00ec che in 45 anni di attivit\u00e0 il Centre ha presentato oltre 300 esposizioni di artisti nazionali e internazionali, partecipato alla scoperta di talenti emergenti o alla riscoperta di figure acclamante, accolto artisti in residenza e organizzato numerose attivit\u00e0 educative e socio-artistiche.<\/p>\n<p><img loading=\"lazy\" decoding=\"async\" style=\"margin-top: 18px; margin-bottom: 18px;\" role=\"img\" src=\"https:\/\/www.mirekiosk.ch\/wp-content\/uploads\/\/2019\/12\/Mire_logo_centre_dart_contemporain_Geneve.svg\" alt=\"\" width=\"150\" height=\"150\" \/><\/p>\n<p>Per maggiori informazioni: www.centre.ch<\/p>\n<p>&nbsp;<\/p>\n<h1>Fonds d&#8217;art contemporain de la Ville de Gen\u00e8ve (FMAC)<\/h1>\n<p>Creato nel 1950, il Fonds d&#8217;art contemporain de la Ville de Gen\u00e8ve (Fondo d\u2019arte contemporanea della Citt\u00e0 di Ginevra), si pone il doppio obiettivo di intensificare la presenza artistica nello spazio pubblico, nonch\u00e9 di sostenere e promuovere gli artisti attivi a Ginevra, mediante sovvenzioni e attraverso l\u2019acquisto di opere, rendendole cos\u00ec parte di una collezione pubblica. Dalla sua fondazione, quasi 300 interventi artistici sono stati integrati all\u2019architettura e allo spazio urbano, valorizzando la diversit\u00e0 degli approcci e delle sperimentazioni artistiche contemporanee, inglobando tutte le generazioni e pratiche artistiche. La collezione di opere mobili comprende oltre 4100 elementi e testimonia non solo la storia della creazione artistica a Ginevra e del dinamismo della sua scena, bens\u00ec anche la sua interazione con l\u2019arte svizzera e internazionale. Include una parte consistente di videoarte, quella del Fondo Andr\u00e9 Iten, retaggio del Centre pour l&#8217;image contemporaine (Centro per l\u2019Immagine contemporanea) di Ginevra (CIC), che copre la produzione internazionale della maggior parte dei movimenti artistici influenti dagli anni 1960.<\/p>\n<p>Dal 2022, il FMAC co-produce due opere ogni anno per Mire.<\/p>\n<p><img loading=\"lazy\" decoding=\"async\" style=\"margin-top: 18px; margin-bottom: 18px;\" src=\"https:\/\/www.mirekiosk.ch\/wp-content\/uploads\/\/2019\/12\/Mire_logo_fonds_dart_contemporain.svg\" alt=\"\" width=\"150\" height=\"150\" \/><\/p>\n<p>La collezione del FMAC: www.ville-ge.ch\/fmac<br \/>\nPer maggiori informazioni: www.fmac-geneve.ch<\/p>\n","protected":false},"excerpt":{"rendered":"<p>Partner programmazione: Centre d&#8217;Art Contemporain Gen\u00e8ve e Fonds d&#8217;art contemporain de la Ville de Gen\u00e8ve &nbsp; Fondato nel 1974, il Centre d&#8217;art contemporian Gen\u00e8ve (Centro d\u2019Arte Contemporanea Ginevra) \u00e8 un luogo di esposizione, discussione e riflessione dedicato all\u2019arte contemporanea. Nel suo ruolo di pioniere e punto di riferimento nella scena artistica svizzera e internazionale, il [&hellip;]<\/p>\n","protected":false},"author":1,"featured_media":0,"parent":0,"menu_order":5,"comment_status":"closed","ping_status":"closed","template":"template-splitted.php","meta":{"_acf_changed":false,"footnotes":""},"class_list":["post-226","page","type-page","status-publish","hentry"],"acf":[],"_links":{"self":[{"href":"https:\/\/www.mirekiosk.ch\/it\/wp-json\/wp\/v2\/pages\/226","targetHints":{"allow":["GET"]}}],"collection":[{"href":"https:\/\/www.mirekiosk.ch\/it\/wp-json\/wp\/v2\/pages"}],"about":[{"href":"https:\/\/www.mirekiosk.ch\/it\/wp-json\/wp\/v2\/types\/page"}],"author":[{"embeddable":true,"href":"https:\/\/www.mirekiosk.ch\/it\/wp-json\/wp\/v2\/users\/1"}],"replies":[{"embeddable":true,"href":"https:\/\/www.mirekiosk.ch\/it\/wp-json\/wp\/v2\/comments?post=226"}],"version-history":[{"count":5,"href":"https:\/\/www.mirekiosk.ch\/it\/wp-json\/wp\/v2\/pages\/226\/revisions"}],"predecessor-version":[{"id":2365,"href":"https:\/\/www.mirekiosk.ch\/it\/wp-json\/wp\/v2\/pages\/226\/revisions\/2365"}],"wp:attachment":[{"href":"https:\/\/www.mirekiosk.ch\/it\/wp-json\/wp\/v2\/media?parent=226"}],"curies":[{"name":"wp","href":"https:\/\/api.w.org\/{rel}","templated":true}]}}